{"id":754,"date":"2021-10-22T18:24:05","date_gmt":"2021-10-22T18:24:05","guid":{"rendered":"http:\/\/localhost:8888\/grupogala.com\/en\/?page_id=754"},"modified":"2021-10-24T20:57:54","modified_gmt":"2021-10-24T20:57:54","slug":"contacto","status":"publish","type":"page","link":"https:\/\/grupogala.com.mx\/en\/contacto\/","title":{"rendered":"Contact Us"},"content":{"rendered":"\t\t<div data-elementor-type=\"wp-page\" data-elementor-id=\"754\" class=\"elementor elementor-754\" data-elementor-settings=\"[]\">\n\t\t\t\t\t\t\t<div class=\"elementor-section-wrap\">\n\t\t\t\t\t\t\t<section class=\"elementor-section elementor-top-section elementor-element elementor-element-370fc65 elementor-section-full_width elementor-section-height-default elementor-section-height-default\" data-id=\"370fc65\" data-element_type=\"section\" data-settings=\"{&quot;background_background&quot;:&quot;classic&quot;}\">\n\t\t\t\t\t\t\t<div class=\"elementor-background-overlay\"><\/div>\n\t\t\t\t\t\t\t<div class=\"elementor-container elementor-column-gap-default\">\n\t\t\t\t\t<div class=\"elementor-column elementor-col-100 elementor-top-column elementor-element elementor-element-7a9e17f\" data-id=\"7a9e17f\" data-element_type=\"column\">\n\t\t\t<div class=\"elementor-widget-wrap elementor-element-populated\">\n\t\t\t\t\t\t\t\t<section class=\"elementor-section elementor-inner-section elementor-element elementor-element-13fd83d elementor-section-boxed elementor-section-height-default elementor-section-height-default\" data-id=\"13fd83d\" data-element_type=\"section\">\n\t\t\t\t\t\t<div class=\"elementor-container elementor-column-gap-default\">\n\t\t\t\t\t<div class=\"elementor-column elementor-col-100 elementor-inner-column elementor-element elementor-element-8408731\" data-id=\"8408731\" data-element_type=\"column\">\n\t\t\t<div class=\"elementor-widget-wrap elementor-element-populated\">\n\t\t\t\t\t\t\t\t\t<\/div>\n\t\t<\/div>\n\t\t\t\t\t\t\t<\/div>\n\t\t<\/section>\n\t\t\t\t\t<\/div>\n\t\t<\/div>\n\t\t\t\t\t\t\t<\/div>\n\t\t<\/section>\n\t\t\t\t<section class=\"elementor-section elementor-top-section elementor-element elementor-element-29e7676 elementor-section-boxed elementor-section-height-default elementor-section-height-default\" data-id=\"29e7676\" data-element_type=\"section\" data-settings=\"{&quot;background_background&quot;:&quot;classic&quot;}\">\n\t\t\t\t\t\t<div class=\"elementor-container elementor-column-gap-no\">\n\t\t\t\t\t<div class=\"elementor-column elementor-col-100 elementor-top-column elementor-element elementor-element-6bea47b\" data-id=\"6bea47b\" data-element_type=\"column\">\n\t\t\t<div class=\"elementor-widget-wrap elementor-element-populated\">\n\t\t\t\t\t\t\t\t<div class=\"elementor-element elementor-element-a87859b elementor-widget elementor-widget-google_maps\" data-id=\"a87859b\" data-element_type=\"widget\" data-widget_type=\"google_maps.default\">\n\t\t\t\t<div class=\"elementor-widget-container\">\n\t\t\t\t\t<div class=\"elementor-custom-embed\">\n\t\t\t<iframe frameborder=\"0\" scrolling=\"no\" marginheight=\"0\" marginwidth=\"0\"\n\t\t\t\t\tsrc=\"https:\/\/maps.google.com\/maps?q=Morse%201301%2C%20colonia%20Tecnol%C3%B3gico%2C%20CP.%2025716%20Monclova%20Coahuila%20M%C3%A9xico.&#038;t=m&#038;z=14&#038;output=embed&#038;iwloc=near\"\n\t\t\t\t\ttitle=\"Morse 1301, colonia Tecnol\u00f3gico, CP. 25716 Monclova Coahuila M\u00e9xico.\"\n\t\t\t\t\taria-label=\"Morse 1301, colonia Tecnol\u00f3gico, CP. 25716 Monclova Coahuila M\u00e9xico.\"\n\t\t\t><\/iframe>\n\t\t<\/div>\n\t\t\t\t<\/div>\n\t\t\t\t<\/div>\n\t\t\t\t\t<\/div>\n\t\t<\/div>\n\t\t\t\t\t\t\t<\/div>\n\t\t<\/section>\n\t\t\t\t<section class=\"elementor-section elementor-top-section elementor-element elementor-element-b62b5f9 elementor-section-boxed elementor-section-height-default elementor-section-height-default\" data-id=\"b62b5f9\" data-element_type=\"section\">\n\t\t\t\t\t\t<div class=\"elementor-container elementor-column-gap-default\">\n\t\t\t\t\t<div class=\"elementor-column elementor-col-100 elementor-top-column elementor-element elementor-element-3676230\" data-id=\"3676230\" data-element_type=\"column\">\n\t\t\t<div class=\"elementor-widget-wrap elementor-element-populated\">\n\t\t\t\t\t\t\t\t<section class=\"elementor-section elementor-inner-section elementor-element elementor-element-2ee557f elementor-section-content-middle bloque-contacto elementor-section-boxed elementor-section-height-default elementor-section-height-default\" data-id=\"2ee557f\" data-element_type=\"section\">\n\t\t\t\t\t\t<div class=\"elementor-container elementor-column-gap-default\">\n\t\t\t\t\t<div class=\"elementor-column elementor-col-50 elementor-inner-column elementor-element elementor-element-7380cf3\" data-id=\"7380cf3\" data-element_type=\"column\">\n\t\t\t<div class=\"elementor-widget-wrap elementor-element-populated\">\n\t\t\t\t\t\t\t\t<div class=\"elementor-element elementor-element-d4a8deb elementor-widget elementor-widget-text-editor\" data-id=\"d4a8deb\" data-element_type=\"widget\" data-widget_type=\"text-editor.default\">\n\t\t\t\t<div class=\"elementor-widget-container\">\n\t\t\t\t\t\t\t<p><img loading=\"lazy\" class=\"alignnone wp-image-424\" src=\"https:\/\/grupogala.com.mx\/en\/wp-content\/uploads\/2021\/10\/Asset-51gg_footer_logo-250x70.png\" alt=\"\" width=\"200\" height=\"56\" srcset=\"https:\/\/grupogala.com.mx\/en\/wp-content\/uploads\/2021\/10\/Asset-51gg_footer_logo-250x70.png 250w, https:\/\/grupogala.com.mx\/en\/wp-content\/uploads\/2021\/10\/Asset-51gg_footer_logo-700x200.png 700w, https:\/\/grupogala.com.mx\/en\/wp-content\/uploads\/2021\/10\/Asset-51gg_footer_logo-768x214.png 768w, https:\/\/grupogala.com.mx\/en\/wp-content\/uploads\/2021\/10\/Asset-51gg_footer_logo-1536x428.png 1536w, https:\/\/grupogala.com.mx\/en\/wp-content\/uploads\/2021\/10\/Asset-51gg_footer_logo-2048x571.png 2048w, https:\/\/grupogala.com.mx\/en\/wp-content\/uploads\/2021\/10\/Asset-51gg_footer_logo-120x33.png 120w\" sizes=\"(max-width: 200px) 100vw, 200px\" \/><\/p><p><strong>Address:<br \/><\/strong>Morse 1301, colonia Tecnol\u00f3gico, CP. 25716 Monclova Coahuila M\u00e9xico.<\/p><p><strong>Phones:<\/strong><br \/><i class=\"fas fa-phone\"><\/i> <a href=\"tel:+528666362916\">(866)-636-2916<\/a><br \/><i class=\"fas fa-phone\"><\/i> <a href=\"tel:+528662109909\">(866)-210-9909<\/a><\/p><p><strong>Ing. Arturo Garc\u00eda Luna. CP.<\/strong> <br \/><em>Director<br \/><\/em><a href=\"mailto:agarcia@grupogala.com.mx\">agarcia@grupogala.com.mx<\/a><em><br \/><\/em><\/p><p><strong>Arturo Garc\u00eda Rodr\u00edguez.<\/strong><br \/><em>Administration<br \/><\/em><a href=\"mailto:cotizaciones@grupogala.com.mx\">cotizaciones@grupogala.com.mx<\/a><\/p>\t\t\t\t\t\t<\/div>\n\t\t\t\t<\/div>\n\t\t\t\t\t<\/div>\n\t\t<\/div>\n\t\t\t\t<div class=\"elementor-column elementor-col-50 elementor-inner-column elementor-element elementor-element-41bcd9b\" data-id=\"41bcd9b\" data-element_type=\"column\">\n\t\t\t<div class=\"elementor-widget-wrap elementor-element-populated\">\n\t\t\t\t\t\t\t\t<div class=\"elementor-element elementor-element-4a3bff4 elementor-widget elementor-widget-heading\" data-id=\"4a3bff4\" data-element_type=\"widget\" data-widget_type=\"heading.default\">\n\t\t\t\t<div class=\"elementor-widget-container\">\n\t\t\t<h3 class=\"elementor-heading-title elementor-size-default\">Send us a message<\/h3>\t\t<\/div>\n\t\t\t\t<\/div>\n\t\t\t\t<div class=\"elementor-element elementor-element-95d29ce elementor-widget elementor-widget-shortcode\" data-id=\"95d29ce\" data-element_type=\"widget\" data-widget_type=\"shortcode.default\">\n\t\t\t\t<div class=\"elementor-widget-container\">\n\t\t\t\t\t<div class=\"elementor-shortcode\"><div role=\"form\" class=\"wpcf7\" id=\"wpcf7-f789-o1\" lang=\"es-MX\" dir=\"ltr\">\n<div class=\"screen-reader-response\"><p role=\"status\" aria-live=\"polite\" aria-atomic=\"true\"><\/p> <ul><\/ul><\/div>\n<form action=\"\/en\/wp-json\/wp\/v2\/pages\/754#wpcf7-f789-o1\" method=\"post\" class=\"wpcf7-form init\" novalidate=\"novalidate\" data-status=\"init\">\n<div style=\"display: none;\">\n<input type=\"hidden\" name=\"_wpcf7\" value=\"789\" \/>\n<input type=\"hidden\" name=\"_wpcf7_version\" value=\"5.4.2\" \/>\n<input type=\"hidden\" name=\"_wpcf7_locale\" value=\"es_MX\" \/>\n<input type=\"hidden\" name=\"_wpcf7_unit_tag\" value=\"wpcf7-f789-o1\" \/>\n<input type=\"hidden\" name=\"_wpcf7_container_post\" value=\"0\" \/>\n<input type=\"hidden\" name=\"_wpcf7_posted_data_hash\" value=\"\" \/>\n<input type=\"hidden\" name=\"_wpcf7_recaptcha_response\" value=\"\" \/>\n<\/div>\n<p><span class=\"wpcf7-form-control-wrap your-name\"><input type=\"text\" name=\"your-name\" value=\"\" size=\"40\" class=\"wpcf7-form-control wpcf7-text wpcf7-validates-as-required\" aria-required=\"true\" aria-invalid=\"false\" placeholder=\"Name\" \/><\/span><br \/>\n      <span class=\"wpcf7-form-control-wrap your-email\"><input type=\"email\" name=\"your-email\" value=\"\" size=\"40\" class=\"wpcf7-form-control wpcf7-text wpcf7-email wpcf7-validates-as-required wpcf7-validates-as-email\" aria-required=\"true\" aria-invalid=\"false\" placeholder=\"Email\" \/><\/span><br \/>\n      <span class=\"wpcf7-form-control-wrap your-company\"><input type=\"text\" name=\"your-company\" value=\"\" size=\"40\" class=\"wpcf7-form-control wpcf7-text\" aria-invalid=\"false\" placeholder=\"Company\" \/><\/span><br \/>\n      <span class=\"wpcf7-form-control-wrap your-subject\"><input type=\"text\" name=\"your-subject\" value=\"\" size=\"40\" class=\"wpcf7-form-control wpcf7-text\" aria-invalid=\"false\" placeholder=\"Subject\" \/><\/span><br \/>\n      <span class=\"wpcf7-form-control-wrap your-message\"><textarea name=\"your-message\" cols=\"40\" rows=\"10\" class=\"wpcf7-form-control wpcf7-textarea\" aria-invalid=\"false\" placeholder=\"Message\"><\/textarea><\/span><\/p>\n<span class=\"wpcf7-form-control-wrap recaptcha\"><span data-sitekey=\"6LcRmC0dAAAAADQAeDsRf4sFB1y40IVFlD5kn1bs\" class=\"wpcf7-form-control g-recaptcha wpcf7-recaptcha\"><\/span>\r\n<noscript>\r\n\t<div class=\"grecaptcha-noscript\">\r\n\t\t<iframe loading=\"lazy\" src=\"https:\/\/www.google.com\/recaptcha\/api\/fallback?k=6LcRmC0dAAAAADQAeDsRf4sFB1y40IVFlD5kn1bs\" frameborder=\"0\" scrolling=\"no\" width=\"310\" height=\"430\">\r\n\t\t<\/iframe>\r\n\t\t<textarea name=\"g-recaptcha-response\" rows=\"3\" cols=\"40\" placeholder=\"reCaptcha Response Here\">\r\n\t\t<\/textarea>\r\n\t<\/div>\r\n<\/noscript>\r\n<\/span>\n<p><input type=\"reset\" value=\"Clean >\"> <input type=\"submit\" value=\"Send &gt;\" class=\"wpcf7-form-control wpcf7-submit\" \/><\/p>\n<div class=\"wpcf7-response-output\" aria-hidden=\"true\"><\/div><\/form><\/div><\/div>\n\t\t\t\t<\/div>\n\t\t\t\t<\/div>\n\t\t\t\t\t<\/div>\n\t\t<\/div>\n\t\t\t\t\t\t\t<\/div>\n\t\t<\/section>\n\t\t\t\t\t<\/div>\n\t\t<\/div>\n\t\t\t\t\t\t\t<\/div>\n\t\t<\/section>\n\t\t\t\t<section class=\"elementor-section elementor-top-section elementor-element elementor-element-97bc762 elementor-section-full_width elementor-section-height-default elementor-section-height-default\" data-id=\"97bc762\" data-element_type=\"section\" data-settings=\"{&quot;background_background&quot;:&quot;classic&quot;}\">\n\t\t\t\t\t\t\t<div class=\"elementor-background-overlay\"><\/div>\n\t\t\t\t\t\t\t<div class=\"elementor-container elementor-column-gap-default\">\n\t\t\t\t\t<div class=\"elementor-column elementor-col-100 elementor-top-column elementor-element elementor-element-ec5b56c\" data-id=\"ec5b56c\" data-element_type=\"column\">\n\t\t\t<div class=\"elementor-widget-wrap elementor-element-populated\">\n\t\t\t\t\t\t\t\t<section class=\"elementor-section elementor-inner-section elementor-element elementor-element-4993ba7 elementor-section-boxed elementor-section-height-default elementor-section-height-default\" data-id=\"4993ba7\" data-element_type=\"section\">\n\t\t\t\t\t\t<div class=\"elementor-container elementor-column-gap-custom\">\n\t\t\t\t\t<div class=\"elementor-column elementor-col-50 elementor-inner-column elementor-element elementor-element-84e503e\" data-id=\"84e503e\" data-element_type=\"column\">\n\t\t\t<div class=\"elementor-widget-wrap elementor-element-populated\">\n\t\t\t\t\t\t\t\t<div class=\"elementor-element elementor-element-1702c30 elementor-widget elementor-widget-heading\" data-id=\"1702c30\" data-element_type=\"widget\" data-widget_type=\"heading.default\">\n\t\t\t\t<div class=\"elementor-widget-container\">\n\t\t\t<h3 class=\"elementor-heading-title elementor-size-default\">SUBSCRIBE TO<\/h3>\t\t<\/div>\n\t\t\t\t<\/div>\n\t\t\t\t<div class=\"elementor-element elementor-element-7fde019 elementor-widget elementor-widget-heading\" data-id=\"7fde019\" data-element_type=\"widget\" data-widget_type=\"heading.default\">\n\t\t\t\t<div class=\"elementor-widget-container\">\n\t\t\t<h2 class=\"elementor-heading-title elementor-size-default\">NEWSLETTER<\/h2>\t\t<\/div>\n\t\t\t\t<\/div>\n\t\t\t\t\t<\/div>\n\t\t<\/div>\n\t\t\t\t<div class=\"elementor-column elementor-col-50 elementor-inner-column elementor-element elementor-element-e8bb5c1\" data-id=\"e8bb5c1\" data-element_type=\"column\">\n\t\t\t<div class=\"elementor-widget-wrap elementor-element-populated\">\n\t\t\t\t\t\t\t\t<div class=\"elementor-element elementor-element-bdafd5a elementor-widget elementor-widget-shortcode\" data-id=\"bdafd5a\" data-element_type=\"widget\" data-widget_type=\"shortcode.default\">\n\t\t\t\t<div class=\"elementor-widget-container\">\n\t\t\t\t\t<div class=\"elementor-shortcode\"><div class=\"gg-suscripcion-pagina-principal\">\r\n<form method=\"post\" action=\"http:\/\/localhost:8888\/grupogala.com\/en\/?na=s\">\r\n<input type=\"hidden\" name=\"nlang\" value=\"\" class=\"\">\r\n<input class=\"transision\" type=\"email\" name=\"ne\" value=\"\" placeholder=\"Email\" required><input class=\"transision\" type=\"submit\" value=\"Subscribe >\" >\r\n<\/form>\r\n<\/div><\/div>\n\t\t\t\t<\/div>\n\t\t\t\t<\/div>\n\t\t\t\t\t<\/div>\n\t\t<\/div>\n\t\t\t\t\t\t\t<\/div>\n\t\t<\/section>\n\t\t\t\t\t<\/div>\n\t\t<\/div>\n\t\t\t\t\t\t\t<\/div>\n\t\t<\/section>\n\t\t\t\t\t\t<\/div>\n\t\t\t\t\t<\/div>\n\t\t","protected":false},"excerpt":{"rendered":"Address:Morse 1301, colonia Tecnol\u00f3gico, CP. 25716 Monclova Coahuila M\u00e9xico. Phones: (866)-636-2916 (866)-210-9909 Ing. Arturo Garc\u00eda Luna. CP. Directoragarcia@grupogala.com.mx Arturo Garc\u00eda Rodr\u00edguez.Administrationcotizaciones@grupogala.com.mx Send us a message SUBSCRIBE TO NEWSLETTER","protected":false},"author":1,"featured_media":0,"parent":0,"menu_order":0,"comment_status":"closed","ping_status":"closed","template":"elementor_header_footer","meta":[],"yoast_head":"<!-- This site is optimized with the Yoast SEO Premium plugin v16.8 (Yoast SEO v17.2.1) - https:\/\/yoast.com\/wordpress\/plugins\/seo\/ -->\n<meta name=\"robots\" content=\"index, follow, max-snippet:-1, max-image-preview:large, max-video-preview:-1\" \/>\n<link rel=\"canonical\" href=\"https:\/\/grupogala.com.mx\/en\/contacto\/\" \/>\n<meta property=\"og:locale\" content=\"en_US\" \/>\n<meta property=\"og:type\" content=\"article\" \/>\n<meta property=\"og:title\" content=\"Contact Us\" \/>\n<meta property=\"og:description\" content=\"Address:Morse 1301, colonia Tecnol\u00f3gico, CP. 25716 Monclova Coahuila M\u00e9xico. Phones: (866)-636-2916 (866)-210-9909 Ing. Arturo Garc\u00eda Luna. CP. Directoragarcia@grupogala.com.mx Arturo Garc\u00eda Rodr\u00edguez.Administrationcotizaciones@grupogala.com.mx Send us a message SUBSCRIBE TO NEWSLETTER\" \/>\n<meta property=\"og:url\" content=\"https:\/\/grupogala.com.mx\/en\/contacto\/\" \/>\n<meta property=\"og:site_name\" content=\"Grupo Gala S.A. de C.V.\" \/>\n<meta property=\"article:modified_time\" content=\"2021-10-24T20:57:54+00:00\" \/>\n<meta property=\"og:image\" content=\"http:\/\/localhost:8888\/grupogala.com\/en\/wp-content\/uploads\/2021\/10\/Asset-51gg_footer_logo-250x70.png\" \/>\n<meta name=\"twitter:card\" content=\"summary_large_image\" \/>\n<meta name=\"twitter:label1\" content=\"Est. reading time\" \/>\n\t<meta name=\"twitter:data1\" content=\"1 minute\" \/>\n<script type=\"application\/ld+json\" class=\"yoast-schema-graph\">{\"@context\":\"https:\/\/schema.org\",\"@graph\":[{\"@type\":\"WebSite\",\"@id\":\"https:\/\/grupogala.com.mx\/en\/#website\",\"url\":\"https:\/\/grupogala.com.mx\/en\/\",\"name\":\"Grupo Gala S.A. de C.V.\",\"description\":\"Otro sitio realizado con WordPress\",\"potentialAction\":[{\"@type\":\"SearchAction\",\"target\":{\"@type\":\"EntryPoint\",\"urlTemplate\":\"https:\/\/grupogala.com.mx\/en\/?s={search_term_string}\"},\"query-input\":\"required name=search_term_string\"}],\"inLanguage\":\"en-US\"},{\"@type\":\"ImageObject\",\"@id\":\"https:\/\/grupogala.com.mx\/en\/contacto\/#primaryimage\",\"inLanguage\":\"en-US\",\"url\":\"http:\/\/localhost:8888\/grupogala.com\/en\/wp-content\/uploads\/2021\/10\/Asset-51gg_footer_logo-250x70.png\",\"contentUrl\":\"http:\/\/localhost:8888\/grupogala.com\/en\/wp-content\/uploads\/2021\/10\/Asset-51gg_footer_logo-250x70.png\"},{\"@type\":\"WebPage\",\"@id\":\"https:\/\/grupogala.com.mx\/en\/contacto\/#webpage\",\"url\":\"https:\/\/grupogala.com.mx\/en\/contacto\/\",\"name\":\"Contact Us - Grupo Gala S.A. de C.V.\",\"isPartOf\":{\"@id\":\"https:\/\/grupogala.com.mx\/en\/#website\"},\"primaryImageOfPage\":{\"@id\":\"https:\/\/grupogala.com.mx\/en\/contacto\/#primaryimage\"},\"datePublished\":\"2021-10-22T18:24:05+00:00\",\"dateModified\":\"2021-10-24T20:57:54+00:00\",\"breadcrumb\":{\"@id\":\"https:\/\/grupogala.com.mx\/en\/contacto\/#breadcrumb\"},\"inLanguage\":\"en-US\",\"potentialAction\":[{\"@type\":\"ReadAction\",\"target\":[\"https:\/\/grupogala.com.mx\/en\/contacto\/\"]}]},{\"@type\":\"BreadcrumbList\",\"@id\":\"https:\/\/grupogala.com.mx\/en\/contacto\/#breadcrumb\",\"itemListElement\":[{\"@type\":\"ListItem\",\"position\":1,\"name\":\"Home\",\"item\":\"https:\/\/grupogala.com.mx\/en\/\"},{\"@type\":\"ListItem\",\"position\":2,\"name\":\"Contact Us\"}]}]}<\/script>\n<!-- \/ Yoast SEO Premium plugin. -->","yoast_head_json":{"robots":{"index":"index","follow":"follow","max-snippet":"max-snippet:-1","max-image-preview":"max-image-preview:large","max-video-preview":"max-video-preview:-1"},"canonical":"https:\/\/grupogala.com.mx\/en\/contacto\/","og_locale":"en_US","og_type":"article","og_title":"Contact Us","og_description":"Address:Morse 1301, colonia Tecnol\u00f3gico, CP. 25716 Monclova Coahuila M\u00e9xico. Phones: (866)-636-2916 (866)-210-9909 Ing. Arturo Garc\u00eda Luna. CP. Directoragarcia@grupogala.com.mx Arturo Garc\u00eda Rodr\u00edguez.Administrationcotizaciones@grupogala.com.mx Send us a message SUBSCRIBE TO NEWSLETTER","og_url":"https:\/\/grupogala.com.mx\/en\/contacto\/","og_site_name":"Grupo Gala S.A. de C.V.","article_modified_time":"2021-10-24T20:57:54+00:00","og_image":[{"url":"http:\/\/localhost:8888\/grupogala.com\/en\/wp-content\/uploads\/2021\/10\/Asset-51gg_footer_logo-250x70.png"}],"twitter_card":"summary_large_image","twitter_misc":{"Est. reading time":"1 minute"},"schema":{"@context":"https:\/\/schema.org","@graph":[{"@type":"WebSite","@id":"https:\/\/grupogala.com.mx\/en\/#website","url":"https:\/\/grupogala.com.mx\/en\/","name":"Grupo Gala S.A. de C.V.","description":"Otro sitio realizado con WordPress","potentialAction":[{"@type":"SearchAction","target":{"@type":"EntryPoint","urlTemplate":"https:\/\/grupogala.com.mx\/en\/?s={search_term_string}"},"query-input":"required name=search_term_string"}],"inLanguage":"en-US"},{"@type":"ImageObject","@id":"https:\/\/grupogala.com.mx\/en\/contacto\/#primaryimage","inLanguage":"en-US","url":"http:\/\/localhost:8888\/grupogala.com\/en\/wp-content\/uploads\/2021\/10\/Asset-51gg_footer_logo-250x70.png","contentUrl":"http:\/\/localhost:8888\/grupogala.com\/en\/wp-content\/uploads\/2021\/10\/Asset-51gg_footer_logo-250x70.png"},{"@type":"WebPage","@id":"https:\/\/grupogala.com.mx\/en\/contacto\/#webpage","url":"https:\/\/grupogala.com.mx\/en\/contacto\/","name":"Contact Us - Grupo Gala S.A. de C.V.","isPartOf":{"@id":"https:\/\/grupogala.com.mx\/en\/#website"},"primaryImageOfPage":{"@id":"https:\/\/grupogala.com.mx\/en\/contacto\/#primaryimage"},"datePublished":"2021-10-22T18:24:05+00:00","dateModified":"2021-10-24T20:57:54+00:00","breadcrumb":{"@id":"https:\/\/grupogala.com.mx\/en\/contacto\/#breadcrumb"},"inLanguage":"en-US","potentialAction":[{"@type":"ReadAction","target":["https:\/\/grupogala.com.mx\/en\/contacto\/"]}]},{"@type":"BreadcrumbList","@id":"https:\/\/grupogala.com.mx\/en\/contacto\/#breadcrumb","itemListElement":[{"@type":"ListItem","position":1,"name":"Home","item":"https:\/\/grupogala.com.mx\/en\/"},{"@type":"ListItem","position":2,"name":"Contact Us"}]}]}},"_links":{"self":[{"href":"https:\/\/grupogala.com.mx\/en\/wp-json\/wp\/v2\/pages\/754"}],"collection":[{"href":"https:\/\/grupogala.com.mx\/en\/wp-json\/wp\/v2\/pages"}],"about":[{"href":"https:\/\/grupogala.com.mx\/en\/wp-json\/wp\/v2\/types\/page"}],"author":[{"embeddable":true,"href":"https:\/\/grupogala.com.mx\/en\/wp-json\/wp\/v2\/users\/1"}],"replies":[{"embeddable":true,"href":"https:\/\/grupogala.com.mx\/en\/wp-json\/wp\/v2\/comments?post=754"}],"version-history":[{"count":5,"href":"https:\/\/grupogala.com.mx\/en\/wp-json\/wp\/v2\/pages\/754\/revisions"}],"predecessor-version":[{"id":987,"href":"https:\/\/grupogala.com.mx\/en\/wp-json\/wp\/v2\/pages\/754\/revisions\/987"}],"wp:attachment":[{"href":"https:\/\/grupogala.com.mx\/en\/wp-json\/wp\/v2\/media?parent=754"}],"curies":[{"name":"wp","href":"https:\/\/api.w.org\/{rel}","templated":true}]}}